{"id":336,"date":"2013-04-12T15:08:35","date_gmt":"2013-04-12T13:08:35","guid":{"rendered":"http:\/\/www.kreditsinterneta.lv\/?page_id=336"},"modified":"2014-01-10T08:14:55","modified_gmt":"2014-01-10T06:14:55","slug":"vzyat-kredit","status":"publish","type":"page","link":"http:\/\/www.kreditsinterneta.lv\/ru\/vzyat-kredit\/","title":{"rendered":"\u0412\u0437\u044f\u0442\u044c \u043a\u0440\u0435\u0434\u0438\u0442"},"content":{"rendered":"<div><strong>\u0411\u0435\u0441\u043f\u0440\u043e\u0446\u0435\u043d\u0442\u043d\u044b\u0435 \u043a\u0440\u0435\u0434\u0438\u0442\u044b \u0432 \u0438\u043d\u0442\u0435\u0440\u043d\u0435\u0442\u0435:<\/strong><\/div>\n<div><\/div>\n<table border=\"0\" cellspacing=\"3\" cellpadding=\"10\">\n<tbody>\n<tr>\n<td><img src=\"http:\/\/www.ic.lv\/logo\/creditON.jpg\" alt=\"CreditON\" \/><\/td>\n<td>\u041f\u0435\u0440\u0432\u044b\u0439 \u043a\u0440\u0435\u0434\u0438\u0442 \u0431\u0435\u0437 \u043f\u0440\u043e\u0446\u0435\u043d\u0442\u043e\u0432!<\/td>\n<td><a style=\"text-decoration: underline;\" title=\"Piesaki kred\u012btu pie CreditON\" onclick=\"_gaq.push(['_trackEvent', 'Aff saite', 'creditON.lv', '\u0412\u0437\u044f\u0442\u044c \u043a\u0440\u0435\u0434\u0438\u0442']);\" href=\"http:\/\/www.kreditsinterneta.lv\/go\/crediton.php\" target=\"_blank\">\u041f\u043e\u043b\u0443\u0447\u0438\u0442\u044c \u0434\u0435\u043d\u044c\u0433\u0438 \u0437\u0434\u0435\u0441\u044c<\/a><\/td>\n<\/tr>\n<tr>\n<td><img src=\"http:\/\/www.ic.lv\/logo\/ferratum.jpg\" alt=\"Ferrtum\" \/><\/td>\n<td>1. \u043a\u0440\u0435\u0434\u0438\u0442 \u0434\u043e 100&euro; \u0431\u0435\u0437 \u043f\u0440\u043e\u0446\u0435\u043d\u0442\u043e\u0432.<\/td>\n<td><a style=\"text-decoration: underline;\" title=\"Piesaki kred\u012btu pie Ferratum\" onclick=\"_gaq.push(['_trackEvent', 'Aff saite', 'ferratum.lv', '\u0412\u0437\u044f\u0442\u044c \u043a\u0440\u0435\u0434\u0438\u0442']);\" href=\"http:\/\/www.kreditsinterneta.lv\/go\/ferratum.php\" target=\"_blank\">\u041f\u043e\u043b\u0443\u0447\u0438\u0442\u044c \u0434\u0435\u043d\u044c\u0433\u0438 \u0437\u0434\u0435\u0441\u044c<\/a><\/td>\n<\/tr>\n<tr>\n<td><img src=\"http:\/\/www.ic.lv\/logo\/opencredit.jpg\" alt=\"OpenCredit\" \/><\/td>\n<td>1. \u043a\u0440\u0435\u0434\u0438\u0442 \u0434\u043e 200&euro; \u0431\u0435\u0441\u043f\u043b\u0430\u0442\u043d\u043e. \u0421\u0430\u043c\u044b\u0439 \u0431\u043e\u043b\u044c\u0448\u043e\u0439 \u0431\u0435\u0441\u043f\u043b\u0430\u0442\u043d\u044b\u0439 \u043a\u0440\u0435\u0434\u0438\u0442.<\/td>\n<td><a style=\"text-decoration: underline;\" title=\"Piesaki kred\u012btu pie OpenCredit\" onclick=\"_gaq.push(['_trackEvent', 'Aff saite', 'OpenCredit.lv', '\u0412\u0437\u044f\u0442\u044c \u043a\u0440\u0435\u0434\u0438\u0442']);\" href=\"http:\/\/www.kreditsinterneta.lv\/go\/opencredit.php\" target=\"_blank\">\u041f\u043e\u043b\u0443\u0447\u0438\u0442\u044c \u0434\u0435\u043d\u044c\u0433\u0438 \u0437\u0434\u0435\u0441\u044c<\/a><\/td>\n<\/tr>\n<tr>\n<td><img src=\"http:\/\/www.ic.lv\/logo\/viasms.jpg\" alt=\"ViaSMS\" \/><\/td>\n<td>1. \u043a\u0440\u0435\u0434\u0438\u0442 \u0434\u043e 200&euro; \u0441 0% \u0441\u0442\u0430\u0432\u043a\u043e\u0439.<\/td>\n<td><a style=\"text-decoration: underline;\" title=\"Piesaki kred\u012btu pie ViaSMS\" onclick=\"_gaq.push(['_trackEvent', 'Aff saite', 'VIASMS.lv', '\u0412\u0437\u044f\u0442\u044c \u043a\u0440\u0435\u0434\u0438\u0442']);\" href=\"http:\/\/www.kreditsinterneta.lv\/go\/viasms.php\" target=\"_blank\">\u041f\u043e\u043b\u0443\u0447\u0438\u0442\u044c \u0434\u0435\u043d\u044c\u0433\u0438 \u0437\u0434\u0435\u0441\u044c<\/a><\/td>\n<\/tr>\n<tr>\n<td><img src=\"http:\/\/www.ic.lv\/logo\/sohocredit.jpg\" alt=\"SohoCredit\" \/><\/td>\n<td>1. \u043a\u0440\u0435\u0434\u0438\u0442 \u0434\u043e\u00a0250&euro; \u0431\u0435\u0437 \u043a\u043e\u043c\u0438\u0441\u0441\u0438\u043e\u043d\u043d\u044b\u0445.<\/td>\n<td><a style=\"text-decoration: underline;\" title=\"Piesaki kred\u012btu pie SohoCredit\" onclick=\"_gaq.push(['_trackEvent', 'Aff saite', 'sohocredit.lv', '\u0412\u0437\u044f\u0442\u044c \u043a\u0440\u0435\u0434\u0438\u0442']);\" href=\"http:\/\/www.kreditsinterneta.lv\/go\/sohocredit.php\" target=\"_blank\">\u041f\u043e\u043b\u0443\u0447\u0438\u0442\u044c \u0434\u0435\u043d\u044c\u0433\u0438 \u0437\u0434\u0435\u0441\u044c<\/a><\/td>\n<\/tr>\n<tr>\n<td><img src=\"http:\/\/www.ic.lv\/logo\/smscredit.jpg\" alt=\"SMSCredit\" \/><\/td>\n<td>1. \u043a\u0440\u0435\u0434\u0438\u0442 \u0434\u043e\u00a0300&euro; \u0431\u0435\u0441\u043f\u043b\u0430\u0442\u043d\u043e. \u041f\u0435\u0440\u0432\u044b\u0439 \u0431\u0435\u0441\u043f\u043b\u0430\u0442\u043d\u044b\u0439 \u043a\u0440\u0435\u0434\u0438\u0442 \u0432 \u041b\u0430\u0442\u0432\u0438\u0438.<\/td>\n<td><a style=\"text-decoration: underline;\" title=\"Piesaki kred\u012btu pie SMSCredit\" onclick=\"_gaq.push(['_trackEvent', 'Aff saite', 'SMSCredit.lv', '\u0412\u0437\u044f\u0442\u044c \u043a\u0440\u0435\u0434\u0438\u0442']);\" href=\"http:\/\/www.kreditsinterneta.lv\/go\/smscredit.php\" target=\"_blank\">\u041f\u043e\u043b\u0443\u0447\u0438\u0442\u044c \u0434\u0435\u043d\u044c\u0433\u0438 \u0437\u0434\u0435\u0441\u044c<\/a><\/td>\n<\/tr>\n<tr>\n<td><img src=\"http:\/\/www.ic.lv\/logo\/minicredit.jpg\" alt=\"MiniCredit\" \/><\/td>\n<td>1. \u043a\u0440\u0435\u0434\u0438\u0442 \u0434\u043e\u00a0150&euro; &#8212; \u0432\u043e\u0437\u0432\u0440\u0430\u0449\u0430\u0439 \u0441\u0442\u043e\u043b\u044c\u043a\u043e \u0441\u043a\u043e\u043b\u044c\u043a\u043e \u0432\u0437\u044f\u043b.<\/td>\n<td><a style=\"text-decoration: underline;\" title=\"Piesaki kred\u012btu pie MiniCredit\" onclick=\"_gaq.push(['_trackEvent', 'Aff saite', 'MiniCredit.lv', '\u0412\u0437\u044f\u0442\u044c \u043a\u0440\u0435\u0434\u0438\u0442']);\" href=\"http:\/\/www.kreditsinterneta.lv\/go\/minicredit.php\" target=\"_blank\">\u041f\u043e\u043b\u0443\u0447\u0438\u0442\u044c \u0434\u0435\u043d\u044c\u0433\u0438 \u0437\u0434\u0435\u0441\u044c<\/a><\/td>\n<\/tr>\n<\/tbody>\n<\/table>\n<p><script type=\"text\/javascript\">\/\/ <![CDATA[\ngoogle_ad_client = \"ca-pub-1824665788438678\"; \/* kreditsinterneta-saturs *\/ google_ad_slot = \"0303241499\"; google_ad_width = 468; google_ad_height = 60;\n\/\/ ]]><\/script><br \/>\n<script type=\"text\/javascript\" src=\"http:\/\/pagead2.googlesyndication.com\/pagead\/show_ads.js\">\/\/ <![CDATA[\n\n\/\/ ]]><\/script><\/p>\n<p>&nbsp;<\/p>\n<div><strong>Ilgtermi\u0146a kred\u012bti internet\u0101:<\/strong><\/div>\n<div><\/div>\n<table border=\"0\" cellspacing=\"3\" cellpadding=\"10\">\n<tbody>\n<tr>\n<td><img src=\"http:\/\/www.kreditsinterneta.lv\/logo\/credit24.jpg\" alt=\"Credit24\" \/><\/td>\n<td>\u041a\u0440\u0435\u0434\u0438\u0442 \u0434\u043e 3000&euro; \u0437\u0430 15 \u043c\u0438\u043d\u0443\u0442. \u0412\u044b\u043f\u043b\u0430\u0447\u0438\u0432\u0430\u0439 \u0434\u043e 2 \u043b\u0435\u0442.<\/td>\n<td><a style=\"text-decoration: underline;\" title=\"\u041f\u043e\u043b\u0443\u0447\u0438 \u043a\u0440\u0435\u0434\u0438\u0442 \u043e\u0442 Credit24\" onclick=\"_gaq.push(['_trackEvent', 'Aff saite', 'Credit24.lv', '\u0412\u0437\u044f\u0442\u044c \u043a\u0440\u0435\u0434\u0438\u0442']);\" href=\"http:\/\/www.kreditsinterneta.lv\/goru\/credit24.php\" target=\"_blank\">\u041f\u043e\u043b\u0443\u0447\u0438\u0442\u044c \u0434\u0435\u043d\u044c\u0433\u0438 \u0437\u0434\u0435\u0441\u044c<\/a><\/td>\n<\/tr>\n<tr>\n<td><img src=\"http:\/\/www.kreditsinterneta.lv\/logo\/vivus.jpg\" alt=\"Vivus\" \/><\/td>\n<td>\u041a\u0440\u0435\u0434\u0438\u0442 \u0434\u043e 1500&euro; \u0437\u0430 15 \u043c\u0438\u043d\u0443\u0442. \u0412\u044b\u043f\u043b\u0430\u0447\u0438\u0432\u0430\u0439 \u0434\u043e 24 \u043c\u0435\u0441\u044f\u0446\u0435\u0432.<\/td>\n<td><a style=\"text-decoration: underline;\" title=\"Piesaki kred\u012btu pie Vivus\" onclick=\"_gaq.push(['_trackEvent', 'Aff saite', 'Vivus.lv', '\u0412\u0437\u044f\u0442\u044c \u043a\u0440\u0435\u0434\u0438\u0442']);\" href=\"http:\/\/www.kreditsinterneta.lv\/goru\/vivus.php\" target=\"_blank\">\u041f\u043e\u043b\u0443\u0447\u0438\u0442\u044c \u0434\u0435\u043d\u044c\u0433\u0438 \u0437\u0434\u0435\u0441\u044c<\/a><\/td>\n<\/tr>\n<tr>\n<td><img src=\"http:\/\/www.ic.lv\/logo\/icredit.jpg\" alt=\"iCredit\" \/><\/td>\n<td>\u041a\u0440\u0435\u0434\u0438\u0442 \u0434\u043e\u00a0300&euro;. \u0414\u043e\u0441\u0442\u0443\u043f\u043d\u0435\u0435 \u0447\u0435\u043c \u0432 \u0431\u0430\u043d\u043a\u0430\u0445. \u0412\u044b\u043f\u043b\u0430\u0447\u0438\u0432\u0430\u0439 \u0434\u043e 12 \u043c\u0435\u0441\u044f\u0446\u0435\u0432.<\/td>\n<td><a style=\"text-decoration: underline;\" title=\"Piesaki kred\u012btu pie iCredit\" onclick=\"_gaq.push(['_trackEvent', 'Aff saite', 'iCredit.lv', '\u0412\u0437\u044f\u0442\u044c \u043a\u0440\u0435\u0434\u0438\u0442']);\" href=\"http:\/\/www.kreditsinterneta.lv\/goru\/icredit.php\" target=\"_blank\">\u041f\u043e\u043b\u0443\u0447\u0438\u0442\u044c \u0434\u0435\u043d\u044c\u0433\u0438 \u0437\u0434\u0435\u0441\u044c<\/a><\/td>\n<\/tr>\n<tr>\n<td><img src=\"http:\/\/www.ic.lv\/logo\/bigbank.jpg\" alt=\"BigBank\" \/><\/td>\n<td>\u041a\u0440\u0435\u0434\u0438\u0442 \u0434\u043e\u00a010000&euro;. \u041f\u043e\u0434\u0430\u0447\u0430 \u0437\u0430\u044f\u0432\u043e\u043a \u0432 \u0438\u043d\u0442\u0435\u0440\u043d\u0435\u0442\u0435.<\/td>\n<td><a style=\"text-decoration: underline;\" title=\"Piesaki kred\u012btu pie BigBank\" onclick=\"_gaq.push(['_trackEvent', 'Aff saite', 'BigBank.lv', '\u0412\u0437\u044f\u0442\u044c \u043a\u0440\u0435\u0434\u0438\u0442']);\" href=\"http:\/\/www.kreditsinterneta.lv\/goru\/bigbank.php\" target=\"_blank\">\u041f\u043e\u043b\u0443\u0447\u0438\u0442\u044c \u0434\u0435\u043d\u044c\u0433\u0438 \u0437\u0434\u0435\u0441\u044c<\/a><\/td>\n<\/tr>\n<tr>\n<td><img src=\"http:\/\/www.ic.lv\/logo\/incredit.jpg\" alt=\"BigBank\" \/><\/td>\n<td>\u041a\u0440\u0435\u0434\u0438\u0442 \u0434\u043e\u00a05000&euro;. \u041e\u0447\u0435\u043d\u044c \u0432\u044b\u0433\u043e\u0434\u043d\u044b\u0435 \u043f\u0440\u043e\u0446\u0435\u043d\u0442\u044b.<\/td>\n<td><a style=\"text-decoration: underline;\" title=\"Piesaki kred\u012btu pie InCredit\" onclick=\"_gaq.push(['_trackEvent', 'Aff saite', 'InCredit.lv', '\u0412\u0437\u044f\u0442\u044c \u043a\u0440\u0435\u0434\u0438\u0442']);\" href=\"http:\/\/www.kreditsinterneta.lv\/goru\/incredit.php\" target=\"_blank\">\u041f\u043e\u043b\u0443\u0447\u0438\u0442\u044c \u0434\u0435\u043d\u044c\u0433\u0438 \u0437\u0434\u0435\u0441\u044c<\/a><\/td>\n<\/tr>\n<\/tbody>\n<\/table>\n","protected":false},"excerpt":{"rendered":"<p>\u0411\u0435\u0441\u043f\u0440\u043e\u0446\u0435\u043d\u0442\u043d\u044b\u0435 \u043a\u0440\u0435\u0434\u0438\u0442\u044b \u0432 \u0438\u043d\u0442\u0435\u0440\u043d\u0435\u0442\u0435: \u041f\u0435\u0440\u0432\u044b\u0439 \u043a\u0440\u0435\u0434\u0438\u0442 \u0431\u0435\u0437 \u043f\u0440\u043e\u0446\u0435\u043d\u0442\u043e\u0432! \u041f\u043e\u043b\u0443\u0447\u0438\u0442\u044c \u0434\u0435\u043d\u044c\u0433\u0438 \u0437\u0434\u0435\u0441\u044c 1. \u043a\u0440\u0435\u0434\u0438\u0442 \u0434\u043e 100&euro; \u0431\u0435\u0437 \u043f\u0440\u043e\u0446\u0435\u043d\u0442\u043e\u0432. \u041f\u043e\u043b\u0443\u0447\u0438\u0442\u044c \u0434\u0435\u043d\u044c\u0433\u0438 \u0437\u0434\u0435\u0441\u044c 1. \u043a\u0440\u0435\u0434\u0438\u0442 \u0434\u043e 200&euro; \u0431\u0435\u0441\u043f\u043b\u0430\u0442\u043d\u043e. \u0421\u0430\u043c\u044b\u0439 \u0431\u043e\u043b\u044c\u0448\u043e\u0439 \u0431\u0435\u0441\u043f\u043b\u0430\u0442\u043d\u044b\u0439 \u043a\u0440\u0435\u0434\u0438\u0442. \u041f\u043e\u043b\u0443\u0447\u0438\u0442\u044c \u0434\u0435\u043d\u044c\u0433\u0438 \u0437\u0434\u0435\u0441\u044c 1. \u043a\u0440\u0435\u0434\u0438\u0442 \u0434\u043e 200&euro; \u0441 0% \u0441\u0442\u0430\u0432\u043a\u043e\u0439. \u041f\u043e\u043b\u0443\u0447\u0438\u0442\u044c \u0434\u0435\u043d\u044c\u0433\u0438 \u0437\u0434\u0435\u0441\u044c 1. \u043a\u0440\u0435\u0434\u0438\u0442 \u0434\u043e\u00a0250&euro; \u0431\u0435\u0437 \u043a\u043e\u043c\u0438\u0441\u0441\u0438\u043e\u043d\u043d\u044b\u0445. \u041f\u043e\u043b\u0443\u0447\u0438\u0442\u044c \u0434\u0435\u043d\u044c\u0433\u0438 \u0437\u0434\u0435\u0441\u044c 1. \u043a\u0440\u0435\u0434\u0438\u0442 \u0434\u043e\u00a0300&euro; \u0431\u0435\u0441\u043f\u043b\u0430\u0442\u043d\u043e. \u041f\u0435\u0440\u0432\u044b\u0439 [&hellip;]<\/p>\n","protected":false},"author":1,"featured_media":0,"parent":0,"menu_order":0,"comment_status":"open","ping_status":"open","template":"","meta":[],"_links":{"self":[{"href":"http:\/\/www.kreditsinterneta.lv\/ru\/wp-json\/wp\/v2\/pages\/336"}],"collection":[{"href":"http:\/\/www.kreditsinterneta.lv\/ru\/wp-json\/wp\/v2\/pages"}],"about":[{"href":"http:\/\/www.kreditsinterneta.lv\/ru\/wp-json\/wp\/v2\/types\/page"}],"author":[{"embeddable":true,"href":"http:\/\/www.kreditsinterneta.lv\/ru\/wp-json\/wp\/v2\/users\/1"}],"replies":[{"embeddable":true,"href":"http:\/\/www.kreditsinterneta.lv\/ru\/wp-json\/wp\/v2\/comments?post=336"}],"version-history":[{"count":6,"href":"http:\/\/www.kreditsinterneta.lv\/ru\/wp-json\/wp\/v2\/pages\/336\/revisions"}],"predecessor-version":[{"id":946,"href":"http:\/\/www.kreditsinterneta.lv\/ru\/wp-json\/wp\/v2\/pages\/336\/revisions\/946"}],"wp:attachment":[{"href":"http:\/\/www.kreditsinterneta.lv\/ru\/wp-json\/wp\/v2\/media?parent=336"}],"curies":[{"name":"wp","href":"https:\/\/api.w.org\/{rel}","templated":true}]}}